{"id":11121,"date":"2023-07-27T14:26:10","date_gmt":"2023-07-27T12:26:10","guid":{"rendered":"https:\/\/fixator.fr\/?post_type=product&#038;p=11121"},"modified":"2025-03-07T15:26:13","modified_gmt":"2025-03-07T14:26:13","slug":"rader","status":"publish","type":"product","link":"https:\/\/fixator.fr\/de\/produit\/roues\/","title":{"rendered":"R\u00e4der"},"content":{"rendered":"","protected":false},"excerpt":{"rendered":"<h1><span style=\"color: #00a776;\"><span style=\"font-family: Raleway;\"><span style=\"font-size: x-large;\"><b>Produktbeschreibung<\/b><\/span><\/span><\/span><\/h1>\n<p data-start=\"0\" data-end=\"159\">Die <strong data-start=\"4\" data-end=\"39\">Transportr\u00e4der f\u00fcr Seilwinden<\/strong> werden verwendet, um <strong data-start=\"50\" data-end=\"78\">Bewegung erleichtern<\/strong> der Winde, insbesondere wenn sie schwer ist oder in schwierigem Gel\u00e4nde eingesetzt wird.<\/p>\n<h1><span style=\"color: #00a776;\"><span style=\"font-family: Raleway;\"><span style=\"font-size: x-large;\"><span style=\"color: #00a776; font-family: Raleway; font-size: x-large;\"><b>Vorteile<\/b><\/span><b style=\"color: #00a776; font-family: Raleway; font-size: x-large;\">\u00a0Benutzer<\/b><\/span><\/span><\/span><\/h1>\n<ol data-start=\"190\" data-end=\"832\">\n<li data-start=\"190\" data-end=\"302\"><strong data-start=\"193\" data-end=\"216\">Vereinfachter Transport<\/strong> : Erm\u00f6glicht das Bewegen der Winde, ohne sie tragen zu m\u00fcssen, und verringert so die k\u00f6rperliche Anstrengung.<\/li>\n<li data-start=\"303\" data-end=\"439\"><strong data-start=\"306\" data-end=\"331\">Verbessertes Handling<\/strong> : Ideal f\u00fcr schwere Winden im Baustellen-, Wald- oder Industrieeinsatz.<\/li>\n<li data-start=\"440\" data-end=\"577\"><strong data-start=\"443\" data-end=\"481\">Reduziertes Verletzungsrisiko<\/strong> : Weniger Gewicht zum Heben, dadurch geringeres Risiko von R\u00fcckenschmerzen oder Unf\u00e4llen.<\/li>\n<li data-start=\"578\" data-end=\"700\"><strong data-start=\"581\" data-end=\"597\">Anpassungsf\u00e4higkeit<\/strong> : Einige R\u00e4der sind f\u00fcr das Fahren auf unebenem Gel\u00e4nde (Schlamm, Kies, Gras usw.) ausgelegt.<\/li>\n<li data-start=\"701\" data-end=\"832\"><strong data-start=\"704\" data-end=\"736\">Einfache Montage und Demontage<\/strong> : Zur bequemeren Verwendung normalerweise auf einem Rahmen oder einer mobilen Halterung befestigt.<\/li>\n<\/ol>\n<p data-start=\"834\" data-end=\"950\" data-is-last-node=\"\" data-is-only-node=\"\">Sie sind besonders n\u00fctzlich f\u00fcr die <strong data-start=\"878\" data-end=\"914\">tragbare oder Baustellenwinden<\/strong>, wo Mobilit\u00e4t ein zentrales Kriterium ist.<\/p>","protected":false},"featured_media":9454,"comment_status":"closed","ping_status":"closed","template":"","meta":{"_acf_changed":false,"_et_pb_use_builder":"","_et_pb_old_content":"","_et_gb_content_width":""},"product_brand":[],"product_cat":[1176],"product_tag":[1274],"class_list":{"0":"post-11121","1":"product","2":"type-product","3":"status-publish","4":"has-post-thumbnail","6":"product_cat-accessoires","7":"product_tag-confort-dutilisation","9":"first","10":"instock","11":"shipping-taxable","12":"purchasable","13":"product-type-simple"},"acf":[],"_links":{"self":[{"href":"https:\/\/fixator.fr\/de\/wp-json\/wp\/v2\/product\/11121","targetHints":{"allow":["GET"]}}],"collection":[{"href":"https:\/\/fixator.fr\/de\/wp-json\/wp\/v2\/product"}],"about":[{"href":"https:\/\/fixator.fr\/de\/wp-json\/wp\/v2\/types\/product"}],"replies":[{"embeddable":true,"href":"https:\/\/fixator.fr\/de\/wp-json\/wp\/v2\/comments?post=11121"}],"wp:featuredmedia":[{"embeddable":true,"href":"https:\/\/fixator.fr\/de\/wp-json\/wp\/v2\/media\/9454"}],"wp:attachment":[{"href":"https:\/\/fixator.fr\/de\/wp-json\/wp\/v2\/media?parent=11121"}],"wp:term":[{"taxonomy":"product_brand","embeddable":true,"href":"https:\/\/fixator.fr\/de\/wp-json\/wp\/v2\/product_brand?post=11121"},{"taxonomy":"product_cat","embeddable":true,"href":"https:\/\/fixator.fr\/de\/wp-json\/wp\/v2\/product_cat?post=11121"},{"taxonomy":"product_tag","embeddable":true,"href":"https:\/\/fixator.fr\/de\/wp-json\/wp\/v2\/product_tag?post=11121"}],"curies":[{"name":"wp","href":"https:\/\/api.w.org\/{rel}","templated":true}]}}